{"id":35803,"date":"2025-10-01T13:14:16","date_gmt":"2025-10-01T12:14:16","guid":{"rendered":"https:\/\/studiocurated.co\/?page_id=35803"},"modified":"2025-10-23T09:46:14","modified_gmt":"2025-10-23T08:46:14","slug":"book-your-spot-for-the-dare-to-colour-course-in-brussels","status":"publish","type":"page","link":"https:\/\/studiocurated.co\/fr\/book-your-spot-for-the-dare-to-colour-course-in-brussels\/","title":{"rendered":"Book Your Spot for the Dare To Colour Course in Brussels"},"content":{"rendered":"<div data-elementor-type=\"wp-page\" data-elementor-id=\"35803\" class=\"elementor elementor-35803\">\n\t\t\t\t\t\t<section class=\"elementor-section elementor-top-section elementor-element elementor-element-95b3dc1 elementor-section-full_width elementor-section-stretched elementor-section-height-default elementor-section-height-default qodef-elementor-content-no\" data-id=\"95b3dc1\" data-element_type=\"section\" data-settings=\"{&quot;stretch_section&quot;:&quot;section-stretched&quot;}\">\n\t\t\t\t\t\t<div class=\"elementor-container elementor-column-gap-default\">\n\t\t\t\t\t<div class=\"elementor-column elementor-col-100 elementor-top-column elementor-element elementor-element-e95e83d\" data-id=\"e95e83d\" data-element_type=\"column\">\n\t\t\t<div class=\"elementor-widget-wrap elementor-element-populated\">\n\t\t\t\t\t\t<div class=\"elementor-element elementor-element-d748a5a elementor-widget elementor-widget-heading\" data-id=\"d748a5a\" data-element_type=\"widget\" data-widget_type=\"heading.default\">\n\t\t\t\t<div class=\"elementor-widget-container\">\n\t\t\t<style>\/*! elementor - v3.23.0 - 05-08-2024 *\/\n.elementor-heading-title{padding:0;margin:0;line-height:1}.elementor-widget-heading .elementor-heading-title[class*=elementor-size-]>a{color:inherit;font-size:inherit;line-height:inherit}.elementor-widget-heading .elementor-heading-title.elementor-size-small{font-size:15px}.elementor-widget-heading .elementor-heading-title.elementor-size-medium{font-size:19px}.elementor-widget-heading .elementor-heading-title.elementor-size-large{font-size:29px}.elementor-widget-heading .elementor-heading-title.elementor-size-xl{font-size:39px}.elementor-widget-heading .elementor-heading-title.elementor-size-xxl{font-size:59px}<\/style><h1 class=\"elementor-heading-title elementor-size-default\">OSER LA COULEUR <\/h1>\t\t<\/div>\n\t\t\t\t<\/div>\n\t\t\t\t<div class=\"elementor-element elementor-element-0a986ee elementor-widget elementor-widget-heading\" data-id=\"0a986ee\" data-element_type=\"widget\" data-widget_type=\"heading.default\">\n\t\t\t\t<div class=\"elementor-widget-container\">\n\t\t\t<h4 class=\"elementor-heading-title elementor-size-default\">INSCRIPTION AU COURS<\/h4>\t\t<\/div>\n\t\t\t\t<\/div>\n\t\t\t\t\t<\/div>\n\t\t<\/div>\n\t\t\t\t\t<\/div>\n\t\t<\/section>\n\t\t\t\t<section class=\"elementor-section elementor-top-section elementor-element elementor-element-508cd79 elementor-section-full_width elementor-section-stretched elementor-section-height-default elementor-section-height-default qodef-elementor-content-no\" data-id=\"508cd79\" data-element_type=\"section\" data-settings=\"{&quot;stretch_section&quot;:&quot;section-stretched&quot;}\">\n\t\t\t\t\t\t<div class=\"elementor-container elementor-column-gap-default\">\n\t\t\t\t\t<div class=\"elementor-column elementor-col-100 elementor-top-column elementor-element elementor-element-ea2fe93\" data-id=\"ea2fe93\" data-element_type=\"column\">\n\t\t\t<div class=\"elementor-widget-wrap elementor-element-populated\">\n\t\t\t\t\t\t<div class=\"elementor-element elementor-element-b318c7b elementor-widget elementor-widget-text-editor\" data-id=\"b318c7b\" data-element_type=\"widget\" data-widget_type=\"text-editor.default\">\n\t\t\t\t<div class=\"elementor-widget-container\">\n\t\t\t<style>\/*! elementor - v3.23.0 - 05-08-2024 *\/\n.elementor-widget-text-editor.elementor-drop-cap-view-stacked .elementor-drop-cap{background-color:#69727d;color:#fff}.elementor-widget-text-editor.elementor-drop-cap-view-framed .elementor-drop-cap{color:#69727d;border:3px solid;background-color:transparent}.elementor-widget-text-editor:not(.elementor-drop-cap-view-default) .elementor-drop-cap{margin-top:8px}.elementor-widget-text-editor:not(.elementor-drop-cap-view-default) .elementor-drop-cap-letter{width:1em;height:1em}.elementor-widget-text-editor .elementor-drop-cap{float:left;text-align:center;line-height:1;font-size:50px}.elementor-widget-text-editor .elementor-drop-cap-letter{display:inline-block}<\/style>\t\t\t\t<p>Merci de votre int\u00e9r\u00eat pour notre formation, nous avons h\u00e2te de vous accueillir\u00a0! Pour r\u00e9server votre place, inscrivez-vous via le formulaire ci-dessous et payez les frais de participation en suivant les instructions que vous recevrez par email.&nbsp;<\/p>\n<h5><b>Informations pratiques :&nbsp;<\/b><\/h5>\n<p>The course will take place at <b>Womade<\/b>,<a tabindex=\"0\" href=\"https:\/\/www.google.com\/maps\/place\/\/data=!4m2!3m1!1s0x47c3c39df738dffb:0xf9159774d76f24b6?sa=X&amp;ved=1t:8290&amp;ictx=111\" data-url=\"\/maps\/place\/\/data=!4m2!3m1!1s0x47c3c39df738dffb:0xf9159774d76f24b6?sa=X&amp;ved=2ahUKEwj2m-ej_4KQAxWg1AIHHVBiIaMQ4kB6BAgbEAA\" data-sb=\"\/url?sa=t&amp;source=web&amp;rct=j&amp;opi=89978449&amp;url=\/maps\/place\/\/data%3D!4m2!3m1!1s0x47c3c39df738dffb:0xf9159774d76f24b6%3Fsa%3DX%26ved%3D1t:8290%26ictx%3D111&amp;ved=2ahUKEwj2m-ej_4KQAxWg1AIHHVBiIaMQ4kB6BAhgEAM&amp;usg=AOvVaw3Ia3TvSfRFJQSlPfo9NSq-\"> (Bd Adolphe Max 30, 1000 Bruxelles<\/a>) on<b> Saturday 22nd of November from 9am to 1pm<\/b>. A coffee break is included.&nbsp;<\/p>\n<p>The number of participants is limited to 10 people. The course will be confirmed as we reach a minimum of 6 participants &#8211; if this won&#8217;t be the case, your registration fee will be <b>fully refunded<\/b> to the account you used for the transfer. Once the course confirmed you will receive a regular invoice.<\/p>\n<p><b>Participation Fee<\/b>: 200\u20ac ex.VAT (242\u20ac)<\/p>\n<p><b>Early-bird Fee<\/b> (valid for registrations until 29\/10): 180\u20ac ex.VAT (218\u20ac)<\/p>\t\t\t\t\t\t<\/div>\n\t\t\t\t<\/div>\n\t\t\t\t\t<\/div>\n\t\t<\/div>\n\t\t\t\t\t<\/div>\n\t\t<\/section>\n\t\t\t\t<section class=\"elementor-section elementor-top-section elementor-element elementor-element-1a59bf5 elementor-section-full_width elementor-section-stretched elementor-section-height-default elementor-section-height-default qodef-elementor-content-no\" data-id=\"1a59bf5\" data-element_type=\"section\" data-settings=\"{&quot;stretch_section&quot;:&quot;section-stretched&quot;}\">\n\t\t\t\t\t\t<div class=\"elementor-container elementor-column-gap-default\">\n\t\t\t\t\t<div class=\"elementor-column elementor-col-100 elementor-top-column elementor-element elementor-element-0829d23\" data-id=\"0829d23\" data-element_type=\"column\">\n\t\t\t<div class=\"elementor-widget-wrap elementor-element-populated\">\n\t\t\t\t\t\t<div class=\"elementor-element elementor-element-4632532 elementor-widget elementor-widget-qi_addons_for_elementor_contact_form_7\" data-id=\"4632532\" data-element_type=\"widget\" data-widget_type=\"qi_addons_for_elementor_contact_form_7.default\">\n\t\t\t\t<div class=\"elementor-widget-container\">\n\t\t\t<div class=\"qodef-shortcode qodef-m  qodef-qi-contact-form-7\">\n\t\n<div class=\"wpcf7 no-js\" id=\"wpcf7-f35802-o1\" lang=\"en-GB\" dir=\"ltr\">\n<div class=\"screen-reader-response\"><p role=\"status\" aria-live=\"polite\" aria-atomic=\"true\"><\/p> <ul><\/ul><\/div>\n<form action=\"\/fr\/wp-json\/wp\/v2\/pages\/35803#wpcf7-f35802-o1\" method=\"post\" class=\"wpcf7-form init\" aria-label=\"Contact form\" novalidate=\"novalidate\" data-status=\"init\" data-trp-original-action=\"\/fr\/wp-json\/wp\/v2\/pages\/35803#wpcf7-f35802-o1\">\n<div style=\"display: none;\">\n<input type=\"hidden\" name=\"_wpcf7\" value=\"35802\" \/>\n<input type=\"hidden\" name=\"_wpcf7_version\" value=\"5.8.1\" \/>\n<input type=\"hidden\" name=\"_wpcf7_locale\" value=\"en_GB\" \/>\n<input type=\"hidden\" name=\"_wpcf7_unit_tag\" value=\"wpcf7-f35802-o1\" \/>\n<input type=\"hidden\" name=\"_wpcf7_container_post\" value=\"0\" \/>\n<input type=\"hidden\" name=\"_wpcf7_posted_data_hash\" value=\"\" \/>\n<\/div>\n<label> Votre pr\u00e9nom et nom\n    <span class=\"wpcf7-form-control-wrap\" data-name=\"your-name\"><input size=\"40\" class=\"wpcf7-form-control wpcf7-text wpcf7-validates-as-required\" autocomplete=\"name\" aria-required=\"true\" aria-invalid=\"false\" value=\"\" type=\"text\" name=\"your-name\" \/><\/span> <\/label>\n\n<label> Votre adresse email\n    <span class=\"wpcf7-form-control-wrap\" data-name=\"your-email\"><input size=\"40\" class=\"wpcf7-form-control wpcf7-email wpcf7-validates-as-required wpcf7-text wpcf7-validates-as-email\" autocomplete=\"email\" aria-required=\"true\" aria-invalid=\"false\" value=\"\" type=\"email\" name=\"your-email\" \/><\/span> <\/label>\n\n<label> Nom de l'entreprise\n<span class=\"wpcf7-form-control-wrap\" data-name=\"companyname\"><input size=\"40\" class=\"wpcf7-form-control wpcf7-text\" aria-invalid=\"false\" value=\"\" type=\"text\" name=\"companyname\" \/><\/span><\/label>\n\n<label> Adresse de facturation\n<span class=\"wpcf7-form-control-wrap\" data-name=\"address\"><input size=\"40\" class=\"wpcf7-form-control wpcf7-text wpcf7-validates-as-required\" aria-required=\"true\" aria-invalid=\"false\" value=\"\" type=\"text\" name=\"address\" \/><\/span><\/label>\n\n<label> Code postal\n<span class=\"wpcf7-form-control-wrap\" data-name=\"ZIPCODE\"><input size=\"40\" class=\"wpcf7-form-control wpcf7-text wpcf7-validates-as-required\" aria-required=\"true\" aria-invalid=\"false\" value=\"\" type=\"text\" name=\"ZIPCODE\" \/><\/span><\/label>\n\n<label> Ville\n<span class=\"wpcf7-form-control-wrap\" data-name=\"city\"><input size=\"40\" class=\"wpcf7-form-control wpcf7-text wpcf7-validates-as-required\" aria-required=\"true\" aria-invalid=\"false\" value=\"\" type=\"text\" name=\"city\" \/><\/span><\/label>\n\n<label> Pays\n<span class=\"wpcf7-form-control-wrap\" data-name=\"country\"><input size=\"40\" class=\"wpcf7-form-control wpcf7-text wpcf7-validates-as-required\" aria-required=\"true\" aria-invalid=\"false\" value=\"\" type=\"text\" name=\"country\" \/><\/span><\/label>\n\n<label> Code de r\u00e9duction\n<span class=\"wpcf7-form-control-wrap\" data-name=\"discountcode\"><input size=\"40\" class=\"wpcf7-form-control wpcf7-text\" aria-invalid=\"false\" value=\"\" type=\"text\" name=\"discountcode\" \/><\/span><\/label>\n\n\u00cates-vous un professionnel du design\/de l'int\u00e9rieur\/de l'architecture ?\n<span class=\"wpcf7-form-control-wrap\" data-name=\"radio-339\"><span class=\"wpcf7-form-control wpcf7-radio\"><span class=\"wpcf7-list-item first\"><label><input type=\"radio\" name=\"radio-339\" value=\"Yes\" checked=\"checked\" \/><span class=\"wpcf7-list-item-label\">Oui<\/span><\/label><\/span><span class=\"wpcf7-list-item last\"><label><input type=\"radio\" name=\"radio-339\" value=\"No\" \/><span class=\"wpcf7-list-item-label\">Non<\/span><\/label><\/span><\/span><\/span>\n\nO\u00f9 avez-vous entendu parler de ce cours?\n<span class=\"wpcf7-form-control-wrap\" data-name=\"checkbox-574\"><span class=\"wpcf7-form-control wpcf7-checkbox wpcf7-validates-as-required\"><span class=\"wpcf7-list-item first\"><label><input type=\"checkbox\" name=\"checkbox-574[]\" value=\"Instagram\" \/><span class=\"wpcf7-list-item-label\">Instagram<\/span><\/label><\/span><span class=\"wpcf7-list-item\"><label><input type=\"checkbox\" name=\"checkbox-574[]\" value=\"Facebook\" \/><span class=\"wpcf7-list-item-label\">Facebook<\/span><\/label><\/span><span class=\"wpcf7-list-item\"><label><input type=\"checkbox\" name=\"checkbox-574[]\" value=\"Pinterest\" \/><span class=\"wpcf7-list-item-label\">Pinterest<\/span><\/label><\/span><span class=\"wpcf7-list-item\"><label><input type=\"checkbox\" name=\"checkbox-574[]\" value=\"Web\" \/><span class=\"wpcf7-list-item-label\">Web<\/span><\/label><\/span><span class=\"wpcf7-list-item\"><label><input type=\"checkbox\" name=\"checkbox-574[]\" value=\"Newsletter\" \/><span class=\"wpcf7-list-item-label\">Newsletter<\/span><\/label><\/span><span class=\"wpcf7-list-item\"><label><input type=\"checkbox\" name=\"checkbox-574[]\" value=\"Flyers\" \/><span class=\"wpcf7-list-item-label\">Flyers<\/span><\/label><\/span><span class=\"wpcf7-list-item\"><label><input type=\"checkbox\" name=\"checkbox-574[]\" value=\"Someone told me\" \/><span class=\"wpcf7-list-item-label\">Quelqu'un m'a dit<\/span><\/label><\/span><span class=\"wpcf7-list-item last\"><label><input type=\"checkbox\" name=\"checkbox-574[]\" value=\"Other\" \/><span class=\"wpcf7-list-item-label\">Autre<\/span><\/label><\/span><\/span><\/span>\n\n<label> Si vous le souhaitez, vous pouvez nous laisser un message :\n    <span class=\"wpcf7-form-control-wrap\" data-name=\"your-message\"><textarea cols=\"40\" rows=\"10\" class=\"wpcf7-form-control wpcf7-textarea\" aria-invalid=\"false\" name=\"your-message\"><\/textarea><\/span> <\/label>\n\n<button class=\"wpcf7-form-control wpcf7-submit qodef-button qodef-size--normal qodef-layout--filled qodef-m\" type=\"submit\"><span class=\"qodef-m-text\">Envoyer<\/span><\/button><input type=\"hidden\" id=\"ct_checkjs_cf7_3d8e28caf901313a554cebc7d32e67e5\" name=\"ct_checkjs_cf7\" value=\"0\" \/><script >setTimeout(function(){var ct_input_name = \"ct_checkjs_cf7_3d8e28caf901313a554cebc7d32e67e5\";if (document.getElementById(ct_input_name) !== null) {var ct_input_value = document.getElementById(ct_input_name).value;document.getElementById(ct_input_name).value = document.getElementById(ct_input_name).value.replace(ct_input_value, 'faeaa63cd8509b2964ae824864fe1776876ea39436f5bf3dd7ee6c527053e561');}}, 1000);<\/script><label class=\"apbct_special_field\" id=\"apbct_label_id44550\" for=\"apbct__email_id__wp_contact_form_7_44550\">44550<\/label><input \n        id=\"apbct__email_id__wp_contact_form_7_44550\" \n        class=\"apbct_special_field apbct__email_id__wp_contact_form_7\"\n        autocomplete=\"off\" \n        name=\"apbct__email_id__wp_contact_form_7_44550\"  \n        type=\"text\" \n        value=\"44550\" \n        size=\"30\" \n        apbct_event_id=\"44550\"\n        maxlength=\"200\" \n    \/><input \n        id=\"apbct_event_id\"\n        class=\"apbct_special_field\"\n        name=\"apbct_event_id\"\n        type=\"hidden\" \n        value=\"44550\" \n            \/><div class=\"wpcf7-response-output\" aria-hidden=\"true\"><\/div>\n<input type=\"hidden\" name=\"trp-form-language\" value=\"fr\"\/><\/form>\n<\/div>\n<\/div>\n\t\t<\/div>\n\t\t\t\t<\/div>\n\t\t\t\t\t<\/div>\n\t\t<\/div>\n\t\t\t\t\t<\/div>\n\t\t<\/section>\n\t\t\t\t<\/div>","protected":false},"excerpt":{"rendered":"<p>DARE TO COLOUR COURSE REGISTRATION Thank you for your interest in our colour design course, we can&#8217;t wait to welcome you! To secure your spot, please register via the form here below&nbsp;and pay the participation fee following the instructions you will receive by email.&nbsp; Practical information:&nbsp; The course will take place at Womade, (Bd Adolphe [&hellip;]<\/p>","protected":false},"author":1,"featured_media":0,"parent":0,"menu_order":0,"comment_status":"closed","ping_status":"closed","template":"","meta":{"om_disable_all_campaigns":false,"_monsterinsights_skip_tracking":false,"_monsterinsights_sitenote_active":false,"_monsterinsights_sitenote_note":"","_monsterinsights_sitenote_category":0,"footnotes":""},"yoast_head":"<!-- This site is optimized with the Yoast SEO plugin v21.3 - https:\/\/yoast.com\/wordpress\/plugins\/seo\/ -->\n<title>Book Your Spot for the Dare To Colour Course in Brussels | Studio Curated<\/title>\n<meta name=\"description\" content=\"Register for our colour design course and gain the tools, knowledge and confidence to work with colour in a conscious and creative way.\" \/>\n<meta name=\"robots\" content=\"index, follow, max-snippet:-1, max-image-preview:large, max-video-preview:-1\" \/>\n<link rel=\"canonical\" href=\"https:\/\/studiocurated.co\/fr\/book-your-spot-for-the-dare-to-colour-course-in-brussels\/\" \/>\n<meta property=\"og:locale\" content=\"fr_FR\" \/>\n<meta property=\"og:type\" content=\"article\" \/>\n<meta property=\"og:title\" content=\"Book Your Spot for the Dare To Colour Course in Brussels | Studio Curated\" \/>\n<meta property=\"og:description\" content=\"Register for our colour design course and gain the tools, knowledge and confidence to work with colour in a conscious and creative way.\" \/>\n<meta property=\"og:url\" content=\"https:\/\/studiocurated.co\/fr\/book-your-spot-for-the-dare-to-colour-course-in-brussels\/\" \/>\n<meta property=\"og:site_name\" content=\"Studio Curated\" \/>\n<meta property=\"article:publisher\" content=\"https:\/\/www.facebook.com\/studio.curated.bxl\" \/>\n<meta property=\"article:modified_time\" content=\"2025-10-23T08:46:14+00:00\" \/>\n<meta property=\"og:image\" content=\"https:\/\/studiocurated.co\/wp-content\/uploads\/2022\/10\/studio_curated_C_logo_2_web.png\" \/>\n\t<meta property=\"og:image:width\" content=\"1500\" \/>\n\t<meta property=\"og:image:height\" content=\"1500\" \/>\n\t<meta property=\"og:image:type\" content=\"image\/png\" \/>\n<meta name=\"twitter:card\" content=\"summary_large_image\" \/>\n<meta name=\"twitter:label1\" content=\"Dur\u00e9e de lecture estim\u00e9e\" \/>\n\t<meta name=\"twitter:data1\" content=\"1 minute\" \/>\n<script type=\"application\/ld+json\" class=\"yoast-schema-graph\">{\"@context\":\"https:\/\/schema.org\",\"@graph\":[{\"@type\":\"WebPage\",\"@id\":\"https:\/\/studiocurated.co\/book-your-spot-for-the-dare-to-colour-course-in-brussels\/\",\"url\":\"https:\/\/studiocurated.co\/book-your-spot-for-the-dare-to-colour-course-in-brussels\/\",\"name\":\"Book Your Spot for the Dare To Colour Course in Brussels | Studio Curated\",\"isPartOf\":{\"@id\":\"https:\/\/studiocurated.co\/#website\"},\"datePublished\":\"2025-10-01T12:14:16+00:00\",\"dateModified\":\"2025-10-23T08:46:14+00:00\",\"description\":\"Register for our colour design course and gain the tools, knowledge and confidence to work with colour in a conscious and creative way.\",\"breadcrumb\":{\"@id\":\"https:\/\/studiocurated.co\/book-your-spot-for-the-dare-to-colour-course-in-brussels\/#breadcrumb\"},\"inLanguage\":\"fr-FR\",\"potentialAction\":[{\"@type\":\"ReadAction\",\"target\":[\"https:\/\/studiocurated.co\/book-your-spot-for-the-dare-to-colour-course-in-brussels\/\"]}]},{\"@type\":\"BreadcrumbList\",\"@id\":\"https:\/\/studiocurated.co\/book-your-spot-for-the-dare-to-colour-course-in-brussels\/#breadcrumb\",\"itemListElement\":[{\"@type\":\"ListItem\",\"position\":1,\"name\":\"Home\",\"item\":\"https:\/\/studiocurated.co\/\"},{\"@type\":\"ListItem\",\"position\":2,\"name\":\"Book Your Spot for the Dare To Colour Course in Brussels\"}]},{\"@type\":\"WebSite\",\"@id\":\"https:\/\/studiocurated.co\/#website\",\"url\":\"https:\/\/studiocurated.co\/\",\"name\":\"Studio Curated\",\"description\":\"Interior Design Studio Brussels\",\"publisher\":{\"@id\":\"https:\/\/studiocurated.co\/#organization\"},\"potentialAction\":[{\"@type\":\"SearchAction\",\"target\":{\"@type\":\"EntryPoint\",\"urlTemplate\":\"https:\/\/studiocurated.co\/?s={search_term_string}\"},\"query-input\":\"required name=search_term_string\"}],\"inLanguage\":\"fr-FR\"},{\"@type\":\"Organization\",\"@id\":\"https:\/\/studiocurated.co\/#organization\",\"name\":\"Studio Curated\",\"url\":\"https:\/\/studiocurated.co\/\",\"logo\":{\"@type\":\"ImageObject\",\"inLanguage\":\"fr-FR\",\"@id\":\"https:\/\/studiocurated.co\/#\/schema\/logo\/image\/\",\"url\":\"https:\/\/studiocurated.co\/wp-content\/uploads\/2022\/10\/cropped-studio_curated_C_logo_2_web.png\",\"contentUrl\":\"https:\/\/studiocurated.co\/wp-content\/uploads\/2022\/10\/cropped-studio_curated_C_logo_2_web.png\",\"width\":512,\"height\":512,\"caption\":\"Studio Curated\"},\"image\":{\"@id\":\"https:\/\/studiocurated.co\/#\/schema\/logo\/image\/\"},\"sameAs\":[\"https:\/\/www.facebook.com\/studio.curated.bxl\",\"https:\/\/www.instagram.com\/studio_curated\/\",\"https:\/\/www.linkedin.com\/company\/studio-curated\",\"https:\/\/www.pinterest.com\/studio_curated\/\"]}]}<\/script>\n<!-- \/ Yoast SEO plugin. -->","yoast_head_json":{"title":"Book Your Spot for the Dare To Colour Course in Brussels | Studio Curated","description":"Register for our colour design course and gain the tools, knowledge and confidence to work with colour in a conscious and creative way.","robots":{"index":"index","follow":"follow","max-snippet":"max-snippet:-1","max-image-preview":"max-image-preview:large","max-video-preview":"max-video-preview:-1"},"canonical":"https:\/\/studiocurated.co\/fr\/book-your-spot-for-the-dare-to-colour-course-in-brussels\/","og_locale":"fr_FR","og_type":"article","og_title":"Book Your Spot for the Dare To Colour Course in Brussels | Studio Curated","og_description":"Register for our colour design course and gain the tools, knowledge and confidence to work with colour in a conscious and creative way.","og_url":"https:\/\/studiocurated.co\/fr\/book-your-spot-for-the-dare-to-colour-course-in-brussels\/","og_site_name":"Studio Curated","article_publisher":"https:\/\/www.facebook.com\/studio.curated.bxl","article_modified_time":"2025-10-23T08:46:14+00:00","og_image":[{"width":1500,"height":1500,"url":"https:\/\/studiocurated.co\/wp-content\/uploads\/2022\/10\/studio_curated_C_logo_2_web.png","type":"image\/png"}],"twitter_card":"summary_large_image","twitter_misc":{"Dur\u00e9e de lecture estim\u00e9e":"1 minute"},"schema":{"@context":"https:\/\/schema.org","@graph":[{"@type":"WebPage","@id":"https:\/\/studiocurated.co\/book-your-spot-for-the-dare-to-colour-course-in-brussels\/","url":"https:\/\/studiocurated.co\/book-your-spot-for-the-dare-to-colour-course-in-brussels\/","name":"Book Your Spot for the Dare To Colour Course in Brussels | Studio Curated","isPartOf":{"@id":"https:\/\/studiocurated.co\/#website"},"datePublished":"2025-10-01T12:14:16+00:00","dateModified":"2025-10-23T08:46:14+00:00","description":"Register for our colour design course and gain the tools, knowledge and confidence to work with colour in a conscious and creative way.","breadcrumb":{"@id":"https:\/\/studiocurated.co\/book-your-spot-for-the-dare-to-colour-course-in-brussels\/#breadcrumb"},"inLanguage":"fr-FR","potentialAction":[{"@type":"ReadAction","target":["https:\/\/studiocurated.co\/book-your-spot-for-the-dare-to-colour-course-in-brussels\/"]}]},{"@type":"BreadcrumbList","@id":"https:\/\/studiocurated.co\/book-your-spot-for-the-dare-to-colour-course-in-brussels\/#breadcrumb","itemListElement":[{"@type":"ListItem","position":1,"name":"Home","item":"https:\/\/studiocurated.co\/"},{"@type":"ListItem","position":2,"name":"Book Your Spot for the Dare To Colour Course in Brussels"}]},{"@type":"WebSite","@id":"https:\/\/studiocurated.co\/#website","url":"https:\/\/studiocurated.co\/","name":"Studio Curated","description":"Interior Design Studio Brussels","publisher":{"@id":"https:\/\/studiocurated.co\/#organization"},"potentialAction":[{"@type":"SearchAction","target":{"@type":"EntryPoint","urlTemplate":"https:\/\/studiocurated.co\/?s={search_term_string}"},"query-input":"required name=search_term_string"}],"inLanguage":"fr-FR"},{"@type":"Organization","@id":"https:\/\/studiocurated.co\/#organization","name":"Studio Curated","url":"https:\/\/studiocurated.co\/","logo":{"@type":"ImageObject","inLanguage":"fr-FR","@id":"https:\/\/studiocurated.co\/#\/schema\/logo\/image\/","url":"https:\/\/studiocurated.co\/wp-content\/uploads\/2022\/10\/cropped-studio_curated_C_logo_2_web.png","contentUrl":"https:\/\/studiocurated.co\/wp-content\/uploads\/2022\/10\/cropped-studio_curated_C_logo_2_web.png","width":512,"height":512,"caption":"Studio Curated"},"image":{"@id":"https:\/\/studiocurated.co\/#\/schema\/logo\/image\/"},"sameAs":["https:\/\/www.facebook.com\/studio.curated.bxl","https:\/\/www.instagram.com\/studio_curated\/","https:\/\/www.linkedin.com\/company\/studio-curated","https:\/\/www.pinterest.com\/studio_curated\/"]}]}},"_links":{"self":[{"href":"https:\/\/studiocurated.co\/fr\/wp-json\/wp\/v2\/pages\/35803"}],"collection":[{"href":"https:\/\/studiocurated.co\/fr\/wp-json\/wp\/v2\/pages"}],"about":[{"href":"https:\/\/studiocurated.co\/fr\/wp-json\/wp\/v2\/types\/page"}],"author":[{"embeddable":true,"href":"https:\/\/studiocurated.co\/fr\/wp-json\/wp\/v2\/users\/1"}],"replies":[{"embeddable":true,"href":"https:\/\/studiocurated.co\/fr\/wp-json\/wp\/v2\/comments?post=35803"}],"version-history":[{"count":37,"href":"https:\/\/studiocurated.co\/fr\/wp-json\/wp\/v2\/pages\/35803\/revisions"}],"predecessor-version":[{"id":36090,"href":"https:\/\/studiocurated.co\/fr\/wp-json\/wp\/v2\/pages\/35803\/revisions\/36090"}],"wp:attachment":[{"href":"https:\/\/studiocurated.co\/fr\/wp-json\/wp\/v2\/media?parent=35803"}],"curies":[{"name":"wp","href":"https:\/\/api.w.org\/{rel}","templated":true}]}}