{"id":34352,"date":"2025-02-06T11:18:07","date_gmt":"2025-02-06T10:18:07","guid":{"rendered":"https:\/\/studiocurated.co\/?page_id=34352"},"modified":"2025-02-06T11:24:35","modified_gmt":"2025-02-06T10:24:35","slug":"making-of","status":"publish","type":"page","link":"https:\/\/studiocurated.co\/fr\/making-of\/","title":{"rendered":"Making Of"},"content":{"rendered":"<div data-elementor-type=\"wp-page\" data-elementor-id=\"34352\" class=\"elementor elementor-34352\">\n\t\t\t\t\t\t<section class=\"elementor-section elementor-top-section elementor-element elementor-element-5efd9de6 elementor-section-boxed elementor-section-height-default elementor-section-height-default qodef-elementor-content-no\" data-id=\"5efd9de6\" data-element_type=\"section\">\n\t\t\t\t\t\t<div class=\"elementor-container elementor-column-gap-default\">\n\t\t\t\t\t<div class=\"elementor-column elementor-col-100 elementor-top-column elementor-element elementor-element-71c4b14b\" data-id=\"71c4b14b\" data-element_type=\"column\">\n\t\t\t<div class=\"elementor-widget-wrap elementor-element-populated\">\n\t\t\t\t\t\t<div class=\"elementor-element elementor-element-5ecaf2ab elementor-widget elementor-widget-text-editor\" data-id=\"5ecaf2ab\" data-element_type=\"widget\" data-widget_type=\"text-editor.default\">\n\t\t\t\t<div class=\"elementor-widget-container\">\n\t\t\t<style>\/*! elementor - v3.23.0 - 05-08-2024 *\/\n.elementor-widget-text-editor.elementor-drop-cap-view-stacked .elementor-drop-cap{background-color:#69727d;color:#fff}.elementor-widget-text-editor.elementor-drop-cap-view-framed .elementor-drop-cap{color:#69727d;border:3px solid;background-color:transparent}.elementor-widget-text-editor:not(.elementor-drop-cap-view-default) .elementor-drop-cap{margin-top:8px}.elementor-widget-text-editor:not(.elementor-drop-cap-view-default) .elementor-drop-cap-letter{width:1em;height:1em}.elementor-widget-text-editor .elementor-drop-cap{float:left;text-align:center;line-height:1;font-size:50px}.elementor-widget-text-editor .elementor-drop-cap-letter{display:inline-block}<\/style>\t\t\t\t \t\t\t\t\t\t<\/div>\n\t\t\t\t<\/div>\n\t\t\t\t\t<\/div>\n\t\t<\/div>\n\t\t\t\t\t<\/div>\n\t\t<\/section>\n\t\t\t\t<section class=\"elementor-section elementor-top-section elementor-element elementor-element-1ada1361 elementor-section-boxed elementor-section-height-default elementor-section-height-default qodef-elementor-content-no\" data-id=\"1ada1361\" data-element_type=\"section\">\n\t\t\t\t\t\t<div class=\"elementor-container elementor-column-gap-default\">\n\t\t\t\t\t<div class=\"elementor-column elementor-col-100 elementor-top-column elementor-element elementor-element-6dd84fb7\" data-id=\"6dd84fb7\" data-element_type=\"column\">\n\t\t\t<div class=\"elementor-widget-wrap elementor-element-populated\">\n\t\t\t\t\t\t<div class=\"elementor-element elementor-element-1f66741c elementor-widget elementor-widget-text-editor\" data-id=\"1f66741c\" data-element_type=\"widget\" data-widget_type=\"text-editor.default\">\n\t\t\t\t<div class=\"elementor-widget-container\">\n\t\t\t\t\t\t\t \t\t\t\t\t\t<\/div>\n\t\t\t\t<\/div>\n\t\t\t\t\t<\/div>\n\t\t<\/div>\n\t\t\t\t\t<\/div>\n\t\t<\/section>\n\t\t\t\t<section class=\"elementor-section elementor-top-section elementor-element elementor-element-1ee00665 elementor-section-full_width elementor-section-stretched elementor-section-height-default elementor-section-height-default qodef-elementor-content-no\" data-id=\"1ee00665\" data-element_type=\"section\" data-settings=\"{&quot;stretch_section&quot;:&quot;section-stretched&quot;}\">\n\t\t\t\t\t\t<div class=\"elementor-container elementor-column-gap-default\">\n\t\t\t\t\t<div class=\"elementor-column elementor-col-100 elementor-top-column elementor-element elementor-element-3236a1b5\" data-id=\"3236a1b5\" data-element_type=\"column\">\n\t\t\t<div class=\"elementor-widget-wrap elementor-element-populated\">\n\t\t\t\t\t\t<div class=\"elementor-element elementor-element-1baadf64 elementor-widget elementor-widget-heading\" data-id=\"1baadf64\" data-element_type=\"widget\" data-widget_type=\"heading.default\">\n\t\t\t\t<div class=\"elementor-widget-container\">\n\t\t\t<style>\/*! elementor - v3.23.0 - 05-08-2024 *\/\n.elementor-heading-title{padding:0;margin:0;line-height:1}.elementor-widget-heading .elementor-heading-title[class*=elementor-size-]>a{color:inherit;font-size:inherit;line-height:inherit}.elementor-widget-heading .elementor-heading-title.elementor-size-small{font-size:15px}.elementor-widget-heading .elementor-heading-title.elementor-size-medium{font-size:19px}.elementor-widget-heading .elementor-heading-title.elementor-size-large{font-size:29px}.elementor-widget-heading .elementor-heading-title.elementor-size-xl{font-size:39px}.elementor-widget-heading .elementor-heading-title.elementor-size-xxl{font-size:59px}<\/style><h1 class=\"elementor-heading-title elementor-size-default\">MAKING OF<\/h1>\t\t<\/div>\n\t\t\t\t<\/div>\n\t\t\t\t<div class=\"elementor-element elementor-element-57daf2e9 elementor-widget elementor-widget-heading\" data-id=\"57daf2e9\" data-element_type=\"widget\" data-widget_type=\"heading.default\">\n\t\t\t\t<div class=\"elementor-widget-container\">\n\t\t\t<h3 class=\"elementor-heading-title elementor-size-default\">from brief to set-up: behind the scenes of our projects<\/h3>\t\t<\/div>\n\t\t\t\t<\/div>\n\t\t\t\t\t<\/div>\n\t\t<\/div>\n\t\t\t\t\t<\/div>\n\t\t<\/section>\n\t\t\t\t<section class=\"elementor-section elementor-top-section elementor-element elementor-element-3deb664d elementor-section-full_width elementor-section-stretched elementor-section-height-default elementor-section-height-default qodef-elementor-content-no\" data-id=\"3deb664d\" data-element_type=\"section\" data-settings=\"{&quot;stretch_section&quot;:&quot;section-stretched&quot;}\">\n\t\t\t\t\t\t<div class=\"elementor-container elementor-column-gap-default\">\n\t\t\t\t\t<div class=\"elementor-column elementor-col-100 elementor-top-column elementor-element elementor-element-1f40a550\" data-id=\"1f40a550\" data-element_type=\"column\">\n\t\t\t<div class=\"elementor-widget-wrap elementor-element-populated\">\n\t\t\t\t\t\t<div class=\"elementor-element elementor-element-1034e67 elementor-widget elementor-widget-qi_addons_for_elementor_blog_list\" data-id=\"1034e67\" data-element_type=\"widget\" data-widget_type=\"qi_addons_for_elementor_blog_list.default\">\n\t\t\t\t<div class=\"elementor-widget-container\">\n\t\t\t<div class=\"qodef-shortcode qodef-m  qodef-addons-blog-list qodef-info-no-icons  qodef-image--hover-zoom   qodef-qi-grid qodef-layout--qi-columns  qodef-col-num--3  qodef-item-layout--boxed qodef-responsive--predefined\" >\n\t<div class=\"qodef-grid-inner\">\n\t\t<article class=\"qodef-e qodef-blog-item qodef-grid-item qodef-item--full post-29051 post type-post status-publish format-standard has-post-thumbnail hentry category-making-of\">\n\t<div class=\"qodef-e-inner\">\n\t\t<div class=\"qodef-e-media-holder\">\n\t\t\t<div class=\"qodef-e-media\">\n\t\t<div class=\"qodef-e-media-image\">\n\t\t<a itemprop=\"url\" href=\"https:\/\/studiocurated.co\/fr\/the-house-of-yoga-making-of\/\">\n\t\t\t<img fetchpriority=\"high\" width=\"1080\" height=\"1350\" src=\"https:\/\/studiocurated.co\/wp-content\/uploads\/2023\/03\/the-house-of-yoga-making-of-11.jpg\" class=\"attachment-full size-full\" alt=\"the-house-of-yoga-making-of\" decoding=\"async\" srcset=\"https:\/\/studiocurated.co\/wp-content\/uploads\/2023\/03\/the-house-of-yoga-making-of-11.jpg 1080w, https:\/\/studiocurated.co\/wp-content\/uploads\/2023\/03\/the-house-of-yoga-making-of-11-640x800.jpg 640w, https:\/\/studiocurated.co\/wp-content\/uploads\/2023\/03\/the-house-of-yoga-making-of-11-768x960.jpg 768w, https:\/\/studiocurated.co\/wp-content\/uploads\/2023\/03\/the-house-of-yoga-making-of-11-350x438.jpg 350w, https:\/\/studiocurated.co\/wp-content\/uploads\/2023\/03\/the-house-of-yoga-making-of-11-650x813.jpg 650w, https:\/\/studiocurated.co\/wp-content\/uploads\/2023\/03\/the-house-of-yoga-making-of-11-1000x1250.jpg 1000w, https:\/\/studiocurated.co\/wp-content\/uploads\/2023\/03\/the-house-of-yoga-making-of-11-600x750.jpg 600w\" sizes=\"(max-width: 1080px) 100vw, 1080px\" \/>\t\t<\/a>\n\t\t\t<\/div>\n<\/div>\n\t\t<\/div>\n\t\t<div class=\"qodef-e-content\">\n\t\t\t\t\t\t\t<div class=\"qodef-e-info qodef-info--top\">\n\t\t\t\t\t<div class=\"qodef-e-info-item qodef-e-info-category\">\n\t\t<a href=\"https:\/\/studiocurated.co\/fr\/category\/making-of\/\" rel=\"category tag\">dans les coulisses<\/a><\/div>\n<div class=\"qodef-e-info-item qodef-e-info-author\">\n\t<a itemprop=\"author\" class=\"qodef-e-info-author-link\" href=\"https:\/\/studiocurated.co\/fr\/author\/studiocurated\/\">\n\t\t\t\tstudiocurated\t<\/a>\n<\/div>\n\t\t\t\t<\/div>\n\t\t\t\t\t\t<div class=\"qodef-e-text\">\n\t\t\t\t<h5 itemprop=\"name\" class=\"qodef-e-title entry-title\">\n\t<a itemprop=\"url\" class=\"qodef-e-title-link\" href=\"https:\/\/studiocurated.co\/fr\/the-house-of-yoga-making-of\/\">\n\t\tThe House Of Yoga\t<\/a>\n<\/h5>\n\t\t<p itemprop=\"description\" class=\"qodef-e-excerpt\">\n\t\t\tD\u00e9couvrez comment nous avons donn\u00e9 vie \u00e0 l'identit\u00e9 de marque et au projet d'int\u00e9rieur de The House Of Yoga, un studio de yoga inclusif \u00e0 Bruxelles.\t\t<\/p>\n\t\t\t\t<\/div>\n\t\t\t\t\t\t\t<div class=\"qodef-e-info qodef-info--bottom\">\n\t\t\t\t\t\t<div class=\"qodef-e-read-more\">\n\t\t<a class=\"qodef-shortcode qodef-m  qodef-qi-button qodef-html--link qodef-layout--filled qodef-type--standard   qodef-icon--right qodef-hover--icon-move-horizontal-short\" href=\"https:\/\/studiocurated.co\/fr\/the-house-of-yoga-making-of\/\" target=\"_self\">\t<span class=\"qodef-m-text\">Lire la suite<\/span>\t<\/a>\t<\/div>\n\t\t\t\t<\/div>\n\t\t\t\t\t<\/div>\n\t<\/div>\n<\/article>\n\t<\/div>\n\t<\/div>\n\t\t<\/div>\n\t\t\t\t<\/div>\n\t\t\t\t\t<\/div>\n\t\t<\/div>\n\t\t\t\t\t<\/div>\n\t\t<\/section>\n\t\t\t\t<\/div>","protected":false},"excerpt":{"rendered":"<p>MAKING OF from brief to set-up: behind the scenes of our projects making of studiocurated The House Of Yoga Discover how we brought to life the brand identity and interior project of The House Of Yoga, a warm and earthy yoga studio in Brussels. Read More<\/p>","protected":false},"author":1,"featured_media":0,"parent":0,"menu_order":0,"comment_status":"closed","ping_status":"closed","template":"elementor_header_footer","meta":{"om_disable_all_campaigns":false,"_monsterinsights_skip_tracking":false,"_monsterinsights_sitenote_active":false,"_monsterinsights_sitenote_note":"","_monsterinsights_sitenote_category":0,"footnotes":""},"yoast_head":"<!-- This site is optimized with the Yoast SEO plugin v21.3 - https:\/\/yoast.com\/wordpress\/plugins\/seo\/ -->\n<title>Making Of | Studio Curated | Interior Design Studio<\/title>\n<meta name=\"description\" content=\"From brief to set-up: behind the scenes of our interior projects\" \/>\n<meta name=\"robots\" content=\"index, follow, max-snippet:-1, max-image-preview:large, max-video-preview:-1\" \/>\n<link rel=\"canonical\" href=\"https:\/\/studiocurated.co\/fr\/making-of\/\" \/>\n<meta property=\"og:locale\" content=\"fr_FR\" \/>\n<meta property=\"og:type\" content=\"article\" \/>\n<meta property=\"og:title\" content=\"Making Of | Studio Curated | Interior Design Studio\" \/>\n<meta property=\"og:description\" content=\"From brief to set-up: behind the scenes of our interior projects\" \/>\n<meta property=\"og:url\" content=\"https:\/\/studiocurated.co\/fr\/making-of\/\" \/>\n<meta property=\"og:site_name\" content=\"Studio Curated\" \/>\n<meta property=\"article:publisher\" content=\"https:\/\/www.facebook.com\/studio.curated.bxl\" \/>\n<meta property=\"article:modified_time\" content=\"2025-02-06T10:24:35+00:00\" \/>\n<meta property=\"og:image\" content=\"https:\/\/studiocurated.co\/wp-content\/uploads\/2023\/03\/the-house-of-yoga-making-of-11.jpg\" \/>\n<meta name=\"twitter:card\" content=\"summary_large_image\" \/>\n<meta name=\"twitter:label1\" content=\"Dur\u00e9e de lecture estim\u00e9e\" \/>\n\t<meta name=\"twitter:data1\" content=\"1 minute\" \/>\n<script type=\"application\/ld+json\" class=\"yoast-schema-graph\">{\"@context\":\"https:\/\/schema.org\",\"@graph\":[{\"@type\":\"WebPage\",\"@id\":\"https:\/\/studiocurated.co\/making-of\/\",\"url\":\"https:\/\/studiocurated.co\/making-of\/\",\"name\":\"Making Of | Studio Curated | Interior Design Studio\",\"isPartOf\":{\"@id\":\"https:\/\/studiocurated.co\/#website\"},\"datePublished\":\"2025-02-06T10:18:07+00:00\",\"dateModified\":\"2025-02-06T10:24:35+00:00\",\"description\":\"From brief to set-up: behind the scenes of our interior projects\",\"breadcrumb\":{\"@id\":\"https:\/\/studiocurated.co\/making-of\/#breadcrumb\"},\"inLanguage\":\"fr-FR\",\"potentialAction\":[{\"@type\":\"ReadAction\",\"target\":[\"https:\/\/studiocurated.co\/making-of\/\"]}]},{\"@type\":\"BreadcrumbList\",\"@id\":\"https:\/\/studiocurated.co\/making-of\/#breadcrumb\",\"itemListElement\":[{\"@type\":\"ListItem\",\"position\":1,\"name\":\"Home\",\"item\":\"https:\/\/studiocurated.co\/\"},{\"@type\":\"ListItem\",\"position\":2,\"name\":\"Making Of\"}]},{\"@type\":\"WebSite\",\"@id\":\"https:\/\/studiocurated.co\/#website\",\"url\":\"https:\/\/studiocurated.co\/\",\"name\":\"Studio Curated\",\"description\":\"Interior Design Studio Brussels\",\"publisher\":{\"@id\":\"https:\/\/studiocurated.co\/#organization\"},\"potentialAction\":[{\"@type\":\"SearchAction\",\"target\":{\"@type\":\"EntryPoint\",\"urlTemplate\":\"https:\/\/studiocurated.co\/?s={search_term_string}\"},\"query-input\":\"required name=search_term_string\"}],\"inLanguage\":\"fr-FR\"},{\"@type\":\"Organization\",\"@id\":\"https:\/\/studiocurated.co\/#organization\",\"name\":\"Studio Curated\",\"url\":\"https:\/\/studiocurated.co\/\",\"logo\":{\"@type\":\"ImageObject\",\"inLanguage\":\"fr-FR\",\"@id\":\"https:\/\/studiocurated.co\/#\/schema\/logo\/image\/\",\"url\":\"https:\/\/studiocurated.co\/wp-content\/uploads\/2022\/10\/cropped-studio_curated_C_logo_2_web.png\",\"contentUrl\":\"https:\/\/studiocurated.co\/wp-content\/uploads\/2022\/10\/cropped-studio_curated_C_logo_2_web.png\",\"width\":512,\"height\":512,\"caption\":\"Studio Curated\"},\"image\":{\"@id\":\"https:\/\/studiocurated.co\/#\/schema\/logo\/image\/\"},\"sameAs\":[\"https:\/\/www.facebook.com\/studio.curated.bxl\",\"https:\/\/www.instagram.com\/studio_curated\/\",\"https:\/\/www.linkedin.com\/company\/studio-curated\",\"https:\/\/www.pinterest.com\/studio_curated\/\"]}]}<\/script>\n<!-- \/ Yoast SEO plugin. -->","yoast_head_json":{"title":"Making Of | Studio Curated | Interior Design Studio","description":"From brief to set-up: behind the scenes of our interior projects","robots":{"index":"index","follow":"follow","max-snippet":"max-snippet:-1","max-image-preview":"max-image-preview:large","max-video-preview":"max-video-preview:-1"},"canonical":"https:\/\/studiocurated.co\/fr\/making-of\/","og_locale":"fr_FR","og_type":"article","og_title":"Making Of | Studio Curated | Interior Design Studio","og_description":"From brief to set-up: behind the scenes of our interior projects","og_url":"https:\/\/studiocurated.co\/fr\/making-of\/","og_site_name":"Studio Curated","article_publisher":"https:\/\/www.facebook.com\/studio.curated.bxl","article_modified_time":"2025-02-06T10:24:35+00:00","og_image":[{"url":"https:\/\/studiocurated.co\/wp-content\/uploads\/2023\/03\/the-house-of-yoga-making-of-11.jpg"}],"twitter_card":"summary_large_image","twitter_misc":{"Dur\u00e9e de lecture estim\u00e9e":"1 minute"},"schema":{"@context":"https:\/\/schema.org","@graph":[{"@type":"WebPage","@id":"https:\/\/studiocurated.co\/making-of\/","url":"https:\/\/studiocurated.co\/making-of\/","name":"Making Of | Studio Curated | Interior Design Studio","isPartOf":{"@id":"https:\/\/studiocurated.co\/#website"},"datePublished":"2025-02-06T10:18:07+00:00","dateModified":"2025-02-06T10:24:35+00:00","description":"From brief to set-up: behind the scenes of our interior projects","breadcrumb":{"@id":"https:\/\/studiocurated.co\/making-of\/#breadcrumb"},"inLanguage":"fr-FR","potentialAction":[{"@type":"ReadAction","target":["https:\/\/studiocurated.co\/making-of\/"]}]},{"@type":"BreadcrumbList","@id":"https:\/\/studiocurated.co\/making-of\/#breadcrumb","itemListElement":[{"@type":"ListItem","position":1,"name":"Home","item":"https:\/\/studiocurated.co\/"},{"@type":"ListItem","position":2,"name":"Making Of"}]},{"@type":"WebSite","@id":"https:\/\/studiocurated.co\/#website","url":"https:\/\/studiocurated.co\/","name":"Studio Curated","description":"Interior Design Studio Brussels","publisher":{"@id":"https:\/\/studiocurated.co\/#organization"},"potentialAction":[{"@type":"SearchAction","target":{"@type":"EntryPoint","urlTemplate":"https:\/\/studiocurated.co\/?s={search_term_string}"},"query-input":"required name=search_term_string"}],"inLanguage":"fr-FR"},{"@type":"Organization","@id":"https:\/\/studiocurated.co\/#organization","name":"Studio Curated","url":"https:\/\/studiocurated.co\/","logo":{"@type":"ImageObject","inLanguage":"fr-FR","@id":"https:\/\/studiocurated.co\/#\/schema\/logo\/image\/","url":"https:\/\/studiocurated.co\/wp-content\/uploads\/2022\/10\/cropped-studio_curated_C_logo_2_web.png","contentUrl":"https:\/\/studiocurated.co\/wp-content\/uploads\/2022\/10\/cropped-studio_curated_C_logo_2_web.png","width":512,"height":512,"caption":"Studio Curated"},"image":{"@id":"https:\/\/studiocurated.co\/#\/schema\/logo\/image\/"},"sameAs":["https:\/\/www.facebook.com\/studio.curated.bxl","https:\/\/www.instagram.com\/studio_curated\/","https:\/\/www.linkedin.com\/company\/studio-curated","https:\/\/www.pinterest.com\/studio_curated\/"]}]}},"_links":{"self":[{"href":"https:\/\/studiocurated.co\/fr\/wp-json\/wp\/v2\/pages\/34352"}],"collection":[{"href":"https:\/\/studiocurated.co\/fr\/wp-json\/wp\/v2\/pages"}],"about":[{"href":"https:\/\/studiocurated.co\/fr\/wp-json\/wp\/v2\/types\/page"}],"author":[{"embeddable":true,"href":"https:\/\/studiocurated.co\/fr\/wp-json\/wp\/v2\/users\/1"}],"replies":[{"embeddable":true,"href":"https:\/\/studiocurated.co\/fr\/wp-json\/wp\/v2\/comments?post=34352"}],"version-history":[{"count":8,"href":"https:\/\/studiocurated.co\/fr\/wp-json\/wp\/v2\/pages\/34352\/revisions"}],"predecessor-version":[{"id":34362,"href":"https:\/\/studiocurated.co\/fr\/wp-json\/wp\/v2\/pages\/34352\/revisions\/34362"}],"wp:attachment":[{"href":"https:\/\/studiocurated.co\/fr\/wp-json\/wp\/v2\/media?parent=34352"}],"curies":[{"name":"wp","href":"https:\/\/api.w.org\/{rel}","templated":true}]}}