{"id":29833,"date":"2023-05-09T15:54:56","date_gmt":"2023-05-09T14:54:56","guid":{"rendered":"https:\/\/studiocurated.co\/?page_id=29833"},"modified":"2025-08-04T16:20:11","modified_gmt":"2025-08-04T15:20:11","slug":"work-with-us","status":"publish","type":"page","link":"https:\/\/studiocurated.co\/fr\/travaillez-avec-nous\/","title":{"rendered":"Work with us"},"content":{"rendered":"<div data-elementor-type=\"wp-page\" data-elementor-id=\"29833\" class=\"elementor elementor-29833\">\n\t\t\t\t\t\t<section class=\"elementor-section elementor-top-section elementor-element elementor-element-44ea54e elementor-section-full_width elementor-section-stretched elementor-hidden-tablet elementor-section-height-default elementor-section-height-default qodef-elementor-content-no\" data-id=\"44ea54e\" data-element_type=\"section\" data-settings=\"{&quot;stretch_section&quot;:&quot;section-stretched&quot;,&quot;background_background&quot;:&quot;classic&quot;}\">\n\t\t\t\t\t\t<div class=\"elementor-container elementor-column-gap-default\">\n\t\t\t\t\t<div class=\"elementor-column elementor-col-50 elementor-top-column elementor-element elementor-element-6b96717\" data-id=\"6b96717\" data-element_type=\"column\">\n\t\t\t<div class=\"elementor-widget-wrap elementor-element-populated\">\n\t\t\t\t\t\t<div class=\"elementor-element elementor-element-bf16d67 elementor-widget elementor-widget-image\" data-id=\"bf16d67\" data-element_type=\"widget\" data-widget_type=\"image.default\">\n\t\t\t\t<div class=\"elementor-widget-container\">\n\t\t\t<style>\/*! elementor - v3.23.0 - 05-08-2024 *\/\n.elementor-widget-image{text-align:center}.elementor-widget-image a{display:inline-block}.elementor-widget-image a img[src$=\".svg\"]{width:48px}.elementor-widget-image img{vertical-align:middle;display:inline-block}<\/style>\t\t\t\t\t\t\t\t\t\t<img fetchpriority=\"high\" decoding=\"async\" width=\"1200\" height=\"1500\" src=\"https:\/\/studiocurated.co\/wp-content\/uploads\/2024\/01\/no-revisions-UbujEmVOTXg-unsplash-1200x1500.jpg\" class=\"attachment-large size-large wp-image-31656\" alt=\"travaillez avec nous\" srcset=\"https:\/\/studiocurated.co\/wp-content\/uploads\/2024\/01\/no-revisions-UbujEmVOTXg-unsplash-1200x1500.jpg 1200w, https:\/\/studiocurated.co\/wp-content\/uploads\/2024\/01\/no-revisions-UbujEmVOTXg-unsplash-640x800.jpg 640w, https:\/\/studiocurated.co\/wp-content\/uploads\/2024\/01\/no-revisions-UbujEmVOTXg-unsplash-768x960.jpg 768w, https:\/\/studiocurated.co\/wp-content\/uploads\/2024\/01\/no-revisions-UbujEmVOTXg-unsplash-1229x1536.jpg 1229w, https:\/\/studiocurated.co\/wp-content\/uploads\/2024\/01\/no-revisions-UbujEmVOTXg-unsplash-1638x2048.jpg 1638w, https:\/\/studiocurated.co\/wp-content\/uploads\/2024\/01\/no-revisions-UbujEmVOTXg-unsplash-10x12.jpg 10w, https:\/\/studiocurated.co\/wp-content\/uploads\/2024\/01\/no-revisions-UbujEmVOTXg-unsplash-350x438.jpg 350w, https:\/\/studiocurated.co\/wp-content\/uploads\/2024\/01\/no-revisions-UbujEmVOTXg-unsplash-650x813.jpg 650w, https:\/\/studiocurated.co\/wp-content\/uploads\/2024\/01\/no-revisions-UbujEmVOTXg-unsplash-1000x1250.jpg 1000w, https:\/\/studiocurated.co\/wp-content\/uploads\/2024\/01\/no-revisions-UbujEmVOTXg-unsplash-2000x2500.jpg 2000w, https:\/\/studiocurated.co\/wp-content\/uploads\/2024\/01\/no-revisions-UbujEmVOTXg-unsplash-600x750.jpg 600w, https:\/\/studiocurated.co\/wp-content\/uploads\/2024\/01\/no-revisions-UbujEmVOTXg-unsplash-scaled.jpg 2048w\" sizes=\"(max-width: 1200px) 100vw, 1200px\" \/>\t\t\t\t\t\t\t\t\t\t\t\t\t<\/div>\n\t\t\t\t<\/div>\n\t\t\t\t\t<\/div>\n\t\t<\/div>\n\t\t\t\t<div class=\"elementor-column elementor-col-50 elementor-top-column elementor-element elementor-element-a631016\" data-id=\"a631016\" data-element_type=\"column\">\n\t\t\t<div class=\"elementor-widget-wrap elementor-element-populated\">\n\t\t\t\t\t\t<div class=\"elementor-element elementor-element-60f792d elementor-widget elementor-widget-heading\" data-id=\"60f792d\" data-element_type=\"widget\" data-widget_type=\"heading.default\">\n\t\t\t\t<div class=\"elementor-widget-container\">\n\t\t\t<style>\/*! elementor - v3.23.0 - 05-08-2024 *\/\n.elementor-heading-title{padding:0;margin:0;line-height:1}.elementor-widget-heading .elementor-heading-title[class*=elementor-size-]>a{color:inherit;font-size:inherit;line-height:inherit}.elementor-widget-heading .elementor-heading-title.elementor-size-small{font-size:15px}.elementor-widget-heading .elementor-heading-title.elementor-size-medium{font-size:19px}.elementor-widget-heading .elementor-heading-title.elementor-size-large{font-size:29px}.elementor-widget-heading .elementor-heading-title.elementor-size-xl{font-size:39px}.elementor-widget-heading .elementor-heading-title.elementor-size-xxl{font-size:59px}<\/style><h1 class=\"elementor-heading-title elementor-size-default\">travaillez avec nous<\/h1>\t\t<\/div>\n\t\t\t\t<\/div>\n\t\t\t\t<div class=\"elementor-element elementor-element-40f93e21 elementor-widget elementor-widget-text-editor\" data-id=\"40f93e21\" data-element_type=\"widget\" data-widget_type=\"text-editor.default\">\n\t\t\t\t<div class=\"elementor-widget-container\">\n\t\t\t<style>\/*! elementor - v3.23.0 - 05-08-2024 *\/\n.elementor-widget-text-editor.elementor-drop-cap-view-stacked .elementor-drop-cap{background-color:#69727d;color:#fff}.elementor-widget-text-editor.elementor-drop-cap-view-framed .elementor-drop-cap{color:#69727d;border:3px solid;background-color:transparent}.elementor-widget-text-editor:not(.elementor-drop-cap-view-default) .elementor-drop-cap{margin-top:8px}.elementor-widget-text-editor:not(.elementor-drop-cap-view-default) .elementor-drop-cap-letter{width:1em;height:1em}.elementor-widget-text-editor .elementor-drop-cap{float:left;text-align:center;line-height:1;font-size:50px}.elementor-widget-text-editor .elementor-drop-cap-letter{display:inline-block}<\/style>\t\t\t\t<p>Chez Studio Curated, nous sommes toujours \u00e0 la recherche de professionnels talentueux pour nous aider \u00e0 donner vie \u00e0 des espaces beaux et durables \u00e0 travers le monde.<\/p>\n<p>Si vous partagez nos m\u00eames valeurs et \u00eates passionn\u00e9 par les int\u00e9rieures, nous serions ravis de vous lire ! Vous pouvez consulter ci-dessous les profils que nous recherchons actuellement, ou envoyer une candidature spontan\u00e9e par email avec votre pr\u00e9sentation, votre CV et un lien vers votre portfolio \u00e0 <span style=\"text-decoration: underline;\"><a href=\"mailto:silvia@studiocurated.co\">silvia@studiocurated.co<\/a><\/span>.<\/p>\n<p>Au plaisir de vous lire !<\/p>\t\t\t\t\t\t<\/div>\n\t\t\t\t<\/div>\n\t\t\t\t<div class=\"elementor-element elementor-element-2800fec elementor-widget elementor-widget-eufre_core_separator\" data-id=\"2800fec\" data-element_type=\"widget\" data-widget_type=\"eufre_core_separator.default\">\n\t\t\t\t<div class=\"elementor-widget-container\">\n\t\t\t<div class=\"qodef-shortcode qodef-m  qodef-separator clear\">\n\t<div class=\"qodef-m-line\" ><\/div>\n<\/div>\n\t\t<\/div>\n\t\t\t\t<\/div>\n\t\t\t\t<div class=\"elementor-element elementor-element-88edb5c elementor-widget elementor-widget-text-editor\" data-id=\"88edb5c\" data-element_type=\"widget\" data-widget_type=\"text-editor.default\">\n\t\t\t\t<div class=\"elementor-widget-container\">\n\t\t\t\t\t\t\t<p>Dans le but de d\u00e9velopper notre activit\u00e9, nous recherchons des professionnels freelance talentueux pour collaborer r\u00e9guli\u00e8rement sur des projets :<\/p><p>* architecte ind\u00e9pendant \u2013 Bruxelles \/ Milan<\/p><p>* chef de projet d'int\u00e9rieur freelance \u2013 Bruxelles<\/p><p>* graphiste freelance \u2013 Bruxelles \/ \u00e0 distance<\/p><p>* lighting designer ind\u00e9pendant \u2013 Bruxelles<\/p>\t\t\t\t\t\t<\/div>\n\t\t\t\t<\/div>\n\t\t\t\t\t<\/div>\n\t\t<\/div>\n\t\t\t\t\t<\/div>\n\t\t<\/section>\n\t\t\t\t<section class=\"elementor-section elementor-top-section elementor-element elementor-element-506850b elementor-section-full_width elementor-section-stretched elementor-hidden-desktop elementor-hidden-mobile elementor-section-height-default elementor-section-height-default qodef-elementor-content-no\" data-id=\"506850b\" data-element_type=\"section\" data-settings=\"{&quot;stretch_section&quot;:&quot;section-stretched&quot;}\">\n\t\t\t\t\t\t<div class=\"elementor-container elementor-column-gap-default\">\n\t\t\t\t\t<div class=\"elementor-column elementor-col-100 elementor-top-column elementor-element elementor-element-0f38834\" data-id=\"0f38834\" data-element_type=\"column\">\n\t\t\t<div class=\"elementor-widget-wrap elementor-element-populated\">\n\t\t\t\t\t\t<div class=\"elementor-element elementor-element-635086e elementor-widget elementor-widget-image\" data-id=\"635086e\" data-element_type=\"widget\" data-widget_type=\"image.default\">\n\t\t\t\t<div class=\"elementor-widget-container\">\n\t\t\t\t\t\t\t\t\t\t\t\t\t<img fetchpriority=\"high\" decoding=\"async\" width=\"1200\" height=\"1500\" src=\"https:\/\/studiocurated.co\/wp-content\/uploads\/2024\/01\/no-revisions-UbujEmVOTXg-unsplash-1200x1500.jpg\" class=\"attachment-large size-large wp-image-31656\" alt=\"travaillez avec nous\" srcset=\"https:\/\/studiocurated.co\/wp-content\/uploads\/2024\/01\/no-revisions-UbujEmVOTXg-unsplash-1200x1500.jpg 1200w, https:\/\/studiocurated.co\/wp-content\/uploads\/2024\/01\/no-revisions-UbujEmVOTXg-unsplash-640x800.jpg 640w, https:\/\/studiocurated.co\/wp-content\/uploads\/2024\/01\/no-revisions-UbujEmVOTXg-unsplash-768x960.jpg 768w, https:\/\/studiocurated.co\/wp-content\/uploads\/2024\/01\/no-revisions-UbujEmVOTXg-unsplash-1229x1536.jpg 1229w, https:\/\/studiocurated.co\/wp-content\/uploads\/2024\/01\/no-revisions-UbujEmVOTXg-unsplash-1638x2048.jpg 1638w, https:\/\/studiocurated.co\/wp-content\/uploads\/2024\/01\/no-revisions-UbujEmVOTXg-unsplash-10x12.jpg 10w, https:\/\/studiocurated.co\/wp-content\/uploads\/2024\/01\/no-revisions-UbujEmVOTXg-unsplash-350x438.jpg 350w, https:\/\/studiocurated.co\/wp-content\/uploads\/2024\/01\/no-revisions-UbujEmVOTXg-unsplash-650x813.jpg 650w, https:\/\/studiocurated.co\/wp-content\/uploads\/2024\/01\/no-revisions-UbujEmVOTXg-unsplash-1000x1250.jpg 1000w, https:\/\/studiocurated.co\/wp-content\/uploads\/2024\/01\/no-revisions-UbujEmVOTXg-unsplash-2000x2500.jpg 2000w, https:\/\/studiocurated.co\/wp-content\/uploads\/2024\/01\/no-revisions-UbujEmVOTXg-unsplash-600x750.jpg 600w, https:\/\/studiocurated.co\/wp-content\/uploads\/2024\/01\/no-revisions-UbujEmVOTXg-unsplash-scaled.jpg 2048w\" sizes=\"(max-width: 1200px) 100vw, 1200px\" \/>\t\t\t\t\t\t\t\t\t\t\t\t\t<\/div>\n\t\t\t\t<\/div>\n\t\t\t\t\t<\/div>\n\t\t<\/div>\n\t\t\t\t\t<\/div>\n\t\t<\/section>\n\t\t\t\t<section class=\"elementor-section elementor-top-section elementor-element elementor-element-3a12411 elementor-section-full_width elementor-section-stretched elementor-hidden-desktop elementor-hidden-mobile elementor-section-height-default elementor-section-height-default qodef-elementor-content-no\" data-id=\"3a12411\" data-element_type=\"section\" data-settings=\"{&quot;stretch_section&quot;:&quot;section-stretched&quot;,&quot;background_background&quot;:&quot;classic&quot;}\">\n\t\t\t\t\t\t<div class=\"elementor-container elementor-column-gap-default\">\n\t\t\t\t\t<div class=\"elementor-column elementor-col-100 elementor-top-column elementor-element elementor-element-88cb94e\" data-id=\"88cb94e\" data-element_type=\"column\">\n\t\t\t<div class=\"elementor-widget-wrap elementor-element-populated\">\n\t\t\t\t\t\t<div class=\"elementor-element elementor-element-e26bb8f elementor-widget elementor-widget-heading\" data-id=\"e26bb8f\" data-element_type=\"widget\" data-widget_type=\"heading.default\">\n\t\t\t\t<div class=\"elementor-widget-container\">\n\t\t\t<h1 class=\"elementor-heading-title elementor-size-default\">travaillez avec nous<\/h1>\t\t<\/div>\n\t\t\t\t<\/div>\n\t\t\t\t<div class=\"elementor-element elementor-element-cbb5676 elementor-widget elementor-widget-text-editor\" data-id=\"cbb5676\" data-element_type=\"widget\" data-widget_type=\"text-editor.default\">\n\t\t\t\t<div class=\"elementor-widget-container\">\n\t\t\t\t\t\t\t<p>Chez Studio Curated, nous sommes toujours \u00e0 la recherche de professionnels talentueux pour nous aider \u00e0 donner vie \u00e0 des espaces beaux et durables \u00e0 travers le monde.<\/p>\n<p>Si vous partagez nos m\u00eames valeurs et \u00eates passionn\u00e9 par les int\u00e9rieures, nous serions ravis de vous lire ! Vous pouvez consulter ci-dessous les profils que nous recherchons actuellement, ou envoyer une candidature spontan\u00e9e par email avec votre pr\u00e9sentation, votre CV et un lien vers votre portfolio \u00e0 <span style=\"text-decoration: underline;\"><a href=\"mailto:silvia@studiocurated.co\">silvia@studiocurated.co<\/a><\/span>.<\/p>\n<p>Au plaisir de vous lire !<\/p>\t\t\t\t\t\t<\/div>\n\t\t\t\t<\/div>\n\t\t\t\t<div class=\"elementor-element elementor-element-8e61454 elementor-widget elementor-widget-eufre_core_separator\" data-id=\"8e61454\" data-element_type=\"widget\" data-widget_type=\"eufre_core_separator.default\">\n\t\t\t\t<div class=\"elementor-widget-container\">\n\t\t\t<div class=\"qodef-shortcode qodef-m  qodef-separator clear\">\n\t<div class=\"qodef-m-line\" ><\/div>\n<\/div>\n\t\t<\/div>\n\t\t\t\t<\/div>\n\t\t\t\t<div class=\"elementor-element elementor-element-ba7c845 elementor-widget elementor-widget-heading\" data-id=\"ba7c845\" data-element_type=\"widget\" data-widget_type=\"heading.default\">\n\t\t\t\t<div class=\"elementor-widget-container\">\n\t\t\t<h3 class=\"elementor-heading-title elementor-size-default\">nous recherchons actuellement :<\/h3>\t\t<\/div>\n\t\t\t\t<\/div>\n\t\t\t\t<div class=\"elementor-element elementor-element-45489e4 elementor-widget elementor-widget-heading\" data-id=\"45489e4\" data-element_type=\"widget\" data-widget_type=\"heading.default\">\n\t\t\t\t<div class=\"elementor-widget-container\">\n\t\t\t<h5 class=\"elementor-heading-title elementor-size-default\">* freelance architect<\/h5>\t\t<\/div>\n\t\t\t\t<\/div>\n\t\t\t\t<div class=\"elementor-element elementor-element-23692e9 elementor-widget elementor-widget-heading\" data-id=\"23692e9\" data-element_type=\"widget\" data-widget_type=\"heading.default\">\n\t\t\t\t<div class=\"elementor-widget-container\">\n\t\t\t<h5 class=\"elementor-heading-title elementor-size-default\">* freelance interior designer<\/h5>\t\t<\/div>\n\t\t\t\t<\/div>\n\t\t\t\t<div class=\"elementor-element elementor-element-662c6b2 elementor-widget elementor-widget-heading\" data-id=\"662c6b2\" data-element_type=\"widget\" data-widget_type=\"heading.default\">\n\t\t\t\t<div class=\"elementor-widget-container\">\n\t\t\t<h5 class=\"elementor-heading-title elementor-size-default\">* freelance graphic designer<\/h5>\t\t<\/div>\n\t\t\t\t<\/div>\n\t\t\t\t\t<\/div>\n\t\t<\/div>\n\t\t\t\t\t<\/div>\n\t\t<\/section>\n\t\t\t\t<\/div>","protected":false},"excerpt":{"rendered":"<p>work with us At Studio Curated we&#8217;re always on the hunt for talented professionals to help us bring to life more beautiful spaces around the world. If you share our same values and are passionate about interiors, we&#8217;d love to hear from you! You can have a look at the profiles we&#8217;re currently looking for [&hellip;]<\/p>","protected":false},"author":1,"featured_media":31656,"parent":0,"menu_order":0,"comment_status":"closed","ping_status":"closed","template":"elementor_header_footer","meta":{"om_disable_all_campaigns":false,"_monsterinsights_skip_tracking":false,"_monsterinsights_sitenote_active":false,"_monsterinsights_sitenote_note":"","_monsterinsights_sitenote_category":0,"footnotes":""},"yoast_head":"<!-- This site is optimized with the Yoast SEO plugin v21.3 - https:\/\/yoast.com\/wordpress\/plugins\/seo\/ -->\n<title>Work with us | Studio Curated | Interior Design Studio<\/title>\n<meta name=\"description\" content=\"Our design studio is always looking for talented professionals to help us bring more beautiful spaces to life. Discover our job vacancies and apply today!\" \/>\n<meta name=\"robots\" content=\"index, follow, max-snippet:-1, max-image-preview:large, max-video-preview:-1\" \/>\n<link rel=\"canonical\" href=\"https:\/\/studiocurated.co\/fr\/travaillez-avec-nous\/\" \/>\n<meta property=\"og:locale\" content=\"fr_FR\" \/>\n<meta property=\"og:type\" content=\"article\" \/>\n<meta property=\"og:title\" content=\"Work with us | Studio Curated | Interior Design Studio\" \/>\n<meta property=\"og:description\" content=\"Our design studio is always looking for talented professionals to help us bring more beautiful spaces to life. Discover our job vacancies and apply today!\" \/>\n<meta property=\"og:url\" content=\"https:\/\/studiocurated.co\/fr\/travaillez-avec-nous\/\" \/>\n<meta property=\"og:site_name\" content=\"Studio Curated\" \/>\n<meta property=\"article:publisher\" content=\"https:\/\/www.facebook.com\/studio.curated.bxl\" \/>\n<meta property=\"article:modified_time\" content=\"2025-08-04T15:20:11+00:00\" \/>\n<meta property=\"og:image\" content=\"https:\/\/studiocurated.co\/wp-content\/uploads\/2024\/01\/no-revisions-UbujEmVOTXg-unsplash-scaled.jpg\" \/>\n\t<meta property=\"og:image:width\" content=\"2048\" \/>\n\t<meta property=\"og:image:height\" content=\"2560\" \/>\n\t<meta property=\"og:image:type\" content=\"image\/jpeg\" \/>\n<meta name=\"twitter:card\" content=\"summary_large_image\" \/>\n<meta name=\"twitter:label1\" content=\"Dur\u00e9e de lecture estim\u00e9e\" \/>\n\t<meta name=\"twitter:data1\" content=\"2 minutes\" \/>\n<script type=\"application\/ld+json\" class=\"yoast-schema-graph\">{\"@context\":\"https:\/\/schema.org\",\"@graph\":[{\"@type\":\"WebPage\",\"@id\":\"https:\/\/studiocurated.co\/work-with-us\/\",\"url\":\"https:\/\/studiocurated.co\/work-with-us\/\",\"name\":\"Work with us | Studio Curated | Interior Design Studio\",\"isPartOf\":{\"@id\":\"https:\/\/studiocurated.co\/#website\"},\"datePublished\":\"2023-05-09T14:54:56+00:00\",\"dateModified\":\"2025-08-04T15:20:11+00:00\",\"description\":\"Our design studio is always looking for talented professionals to help us bring more beautiful spaces to life. Discover our job vacancies and apply today!\",\"breadcrumb\":{\"@id\":\"https:\/\/studiocurated.co\/work-with-us\/#breadcrumb\"},\"inLanguage\":\"fr-FR\",\"potentialAction\":[{\"@type\":\"ReadAction\",\"target\":[\"https:\/\/studiocurated.co\/work-with-us\/\"]}]},{\"@type\":\"BreadcrumbList\",\"@id\":\"https:\/\/studiocurated.co\/work-with-us\/#breadcrumb\",\"itemListElement\":[{\"@type\":\"ListItem\",\"position\":1,\"name\":\"Home\",\"item\":\"https:\/\/studiocurated.co\/\"},{\"@type\":\"ListItem\",\"position\":2,\"name\":\"Work with us\"}]},{\"@type\":\"WebSite\",\"@id\":\"https:\/\/studiocurated.co\/#website\",\"url\":\"https:\/\/studiocurated.co\/\",\"name\":\"Studio Curated\",\"description\":\"Interior Design Studio Brussels\",\"publisher\":{\"@id\":\"https:\/\/studiocurated.co\/#organization\"},\"potentialAction\":[{\"@type\":\"SearchAction\",\"target\":{\"@type\":\"EntryPoint\",\"urlTemplate\":\"https:\/\/studiocurated.co\/?s={search_term_string}\"},\"query-input\":\"required name=search_term_string\"}],\"inLanguage\":\"fr-FR\"},{\"@type\":\"Organization\",\"@id\":\"https:\/\/studiocurated.co\/#organization\",\"name\":\"Studio Curated\",\"url\":\"https:\/\/studiocurated.co\/\",\"logo\":{\"@type\":\"ImageObject\",\"inLanguage\":\"fr-FR\",\"@id\":\"https:\/\/studiocurated.co\/#\/schema\/logo\/image\/\",\"url\":\"https:\/\/studiocurated.co\/wp-content\/uploads\/2022\/10\/cropped-studio_curated_C_logo_2_web.png\",\"contentUrl\":\"https:\/\/studiocurated.co\/wp-content\/uploads\/2022\/10\/cropped-studio_curated_C_logo_2_web.png\",\"width\":512,\"height\":512,\"caption\":\"Studio Curated\"},\"image\":{\"@id\":\"https:\/\/studiocurated.co\/#\/schema\/logo\/image\/\"},\"sameAs\":[\"https:\/\/www.facebook.com\/studio.curated.bxl\",\"https:\/\/www.instagram.com\/studio_curated\/\",\"https:\/\/www.linkedin.com\/company\/studio-curated\",\"https:\/\/www.pinterest.com\/studio_curated\/\"]}]}<\/script>\n<!-- \/ Yoast SEO plugin. -->","yoast_head_json":{"title":"Work with us | Studio Curated | Interior Design Studio","description":"Our design studio is always looking for talented professionals to help us bring more beautiful spaces to life. Discover our job vacancies and apply today!","robots":{"index":"index","follow":"follow","max-snippet":"max-snippet:-1","max-image-preview":"max-image-preview:large","max-video-preview":"max-video-preview:-1"},"canonical":"https:\/\/studiocurated.co\/fr\/travaillez-avec-nous\/","og_locale":"fr_FR","og_type":"article","og_title":"Work with us | Studio Curated | Interior Design Studio","og_description":"Our design studio is always looking for talented professionals to help us bring more beautiful spaces to life. Discover our job vacancies and apply today!","og_url":"https:\/\/studiocurated.co\/fr\/travaillez-avec-nous\/","og_site_name":"Studio Curated","article_publisher":"https:\/\/www.facebook.com\/studio.curated.bxl","article_modified_time":"2025-08-04T15:20:11+00:00","og_image":[{"width":2048,"height":2560,"url":"https:\/\/studiocurated.co\/wp-content\/uploads\/2024\/01\/no-revisions-UbujEmVOTXg-unsplash-scaled.jpg","type":"image\/jpeg"}],"twitter_card":"summary_large_image","twitter_misc":{"Dur\u00e9e de lecture estim\u00e9e":"2 minutes"},"schema":{"@context":"https:\/\/schema.org","@graph":[{"@type":"WebPage","@id":"https:\/\/studiocurated.co\/work-with-us\/","url":"https:\/\/studiocurated.co\/work-with-us\/","name":"Work with us | Studio Curated | Interior Design Studio","isPartOf":{"@id":"https:\/\/studiocurated.co\/#website"},"datePublished":"2023-05-09T14:54:56+00:00","dateModified":"2025-08-04T15:20:11+00:00","description":"Our design studio is always looking for talented professionals to help us bring more beautiful spaces to life. Discover our job vacancies and apply today!","breadcrumb":{"@id":"https:\/\/studiocurated.co\/work-with-us\/#breadcrumb"},"inLanguage":"fr-FR","potentialAction":[{"@type":"ReadAction","target":["https:\/\/studiocurated.co\/work-with-us\/"]}]},{"@type":"BreadcrumbList","@id":"https:\/\/studiocurated.co\/work-with-us\/#breadcrumb","itemListElement":[{"@type":"ListItem","position":1,"name":"Home","item":"https:\/\/studiocurated.co\/"},{"@type":"ListItem","position":2,"name":"Work with us"}]},{"@type":"WebSite","@id":"https:\/\/studiocurated.co\/#website","url":"https:\/\/studiocurated.co\/","name":"Studio Curated","description":"Interior Design Studio Brussels","publisher":{"@id":"https:\/\/studiocurated.co\/#organization"},"potentialAction":[{"@type":"SearchAction","target":{"@type":"EntryPoint","urlTemplate":"https:\/\/studiocurated.co\/?s={search_term_string}"},"query-input":"required name=search_term_string"}],"inLanguage":"fr-FR"},{"@type":"Organization","@id":"https:\/\/studiocurated.co\/#organization","name":"Studio Curated","url":"https:\/\/studiocurated.co\/","logo":{"@type":"ImageObject","inLanguage":"fr-FR","@id":"https:\/\/studiocurated.co\/#\/schema\/logo\/image\/","url":"https:\/\/studiocurated.co\/wp-content\/uploads\/2022\/10\/cropped-studio_curated_C_logo_2_web.png","contentUrl":"https:\/\/studiocurated.co\/wp-content\/uploads\/2022\/10\/cropped-studio_curated_C_logo_2_web.png","width":512,"height":512,"caption":"Studio Curated"},"image":{"@id":"https:\/\/studiocurated.co\/#\/schema\/logo\/image\/"},"sameAs":["https:\/\/www.facebook.com\/studio.curated.bxl","https:\/\/www.instagram.com\/studio_curated\/","https:\/\/www.linkedin.com\/company\/studio-curated","https:\/\/www.pinterest.com\/studio_curated\/"]}]}},"_links":{"self":[{"href":"https:\/\/studiocurated.co\/fr\/wp-json\/wp\/v2\/pages\/29833"}],"collection":[{"href":"https:\/\/studiocurated.co\/fr\/wp-json\/wp\/v2\/pages"}],"about":[{"href":"https:\/\/studiocurated.co\/fr\/wp-json\/wp\/v2\/types\/page"}],"author":[{"embeddable":true,"href":"https:\/\/studiocurated.co\/fr\/wp-json\/wp\/v2\/users\/1"}],"replies":[{"embeddable":true,"href":"https:\/\/studiocurated.co\/fr\/wp-json\/wp\/v2\/comments?post=29833"}],"version-history":[{"count":49,"href":"https:\/\/studiocurated.co\/fr\/wp-json\/wp\/v2\/pages\/29833\/revisions"}],"predecessor-version":[{"id":35625,"href":"https:\/\/studiocurated.co\/fr\/wp-json\/wp\/v2\/pages\/29833\/revisions\/35625"}],"wp:featuredmedia":[{"embeddable":true,"href":"https:\/\/studiocurated.co\/fr\/wp-json\/wp\/v2\/media\/31656"}],"wp:attachment":[{"href":"https:\/\/studiocurated.co\/fr\/wp-json\/wp\/v2\/media?parent=29833"}],"curies":[{"name":"wp","href":"https:\/\/api.w.org\/{rel}","templated":true}]}}